{"id":552,"date":"2024-05-29T10:21:42","date_gmt":"2024-05-29T08:21:42","guid":{"rendered":"https:\/\/acepto.co\/?page_id=552"},"modified":"2024-05-29T11:25:26","modified_gmt":"2024-05-29T09:25:26","slug":"sobre-nosotros","status":"publish","type":"page","link":"http:\/\/acepto.co\/?page_id=552","title":{"rendered":"Sobre nosotros"},"content":{"rendered":"\n<p>ACEPTO SP\u00d3\u0141KA Z OGRANICZON\u0104 ODPOWIEDZIALNO\u015aCI\u0104<\/p>\n\n\n\n<p>Rejestr  Rejestr Przedsi\u0119biorc\u00f3w<\/p>\n\n\n\n<p>Numer KRS 0001099963<\/p>\n\n\n\n<p>NIP 7492119962<\/p>\n\n\n\n<p>REGON 52834995200000<\/p>\n\n\n\n<p>Forma prawna  : SP\u00d3\u0141KA Z OGRANICZON\u0104 ODPOWIEDZIALNO\u015aCI\u0104  KAPITA\u0141 ZAK\u0104\u0141DOWY  6.000 Z\u0141 <\/p>\n","protected":false},"excerpt":{"rendered":"<p>ACEPTO SP\u00d3\u0141KA Z OGRANICZON\u0104 ODPOWIEDZIALNO\u015aCI\u0104 Rejestr Rejestr Przedsi\u0119biorc\u00f3w Numer KRS 0001099963 NIP 7492119962 REGON 52834995200000 Forma prawna : SP\u00d3\u0141KA Z OGRANICZON\u0104 ODPOWIEDZIALNO\u015aCI\u0104 KAPITA\u0141 ZAK\u0104\u0141DOWY 6.000 Z\u0141<\/p>\n","protected":false},"author":1,"featured_media":0,"parent":0,"menu_order":0,"comment_status":"closed","ping_status":"closed","template":"","meta":{"_eb_attr":"","footnotes":""},"_links":{"self":[{"href":"http:\/\/acepto.co\/index.php?rest_route=\/wp\/v2\/pages\/552"}],"collection":[{"href":"http:\/\/acepto.co\/index.php?rest_route=\/wp\/v2\/pages"}],"about":[{"href":"http:\/\/acepto.co\/index.php?rest_route=\/wp\/v2\/types\/page"}],"author":[{"embeddable":true,"href":"http:\/\/acepto.co\/index.php?rest_route=\/wp\/v2\/users\/1"}],"replies":[{"embeddable":true,"href":"http:\/\/acepto.co\/index.php?rest_route=%2Fwp%2Fv2%2Fcomments&post=552"}],"version-history":[{"count":3,"href":"http:\/\/acepto.co\/index.php?rest_route=\/wp\/v2\/pages\/552\/revisions"}],"predecessor-version":[{"id":573,"href":"http:\/\/acepto.co\/index.php?rest_route=\/wp\/v2\/pages\/552\/revisions\/573"}],"wp:attachment":[{"href":"http:\/\/acepto.co\/index.php?rest_route=%2Fwp%2Fv2%2Fmedia&parent=552"}],"curies":[{"name":"wp","href":"https:\/\/api.w.org\/{rel}","templated":true}]}}