{"id":576,"date":"2024-05-29T11:32:52","date_gmt":"2024-05-29T09:32:52","guid":{"rendered":"https:\/\/acepto.co\/?page_id=576"},"modified":"2024-05-29T12:03:45","modified_gmt":"2024-05-29T10:03:45","slug":"rodo","status":"publish","type":"page","link":"http:\/\/acepto.co\/?page_id=576","title":{"rendered":"Rodo"},"content":{"rendered":"\t\t<div data-elementor-type=\"wp-page\" data-elementor-id=\"576\" class=\"elementor elementor-576\" data-elementor-post-type=\"page\">\n\t\t\t\t<div class=\"elementor-element elementor-element-e735d4d e-con-full e-flex e-con e-parent\" data-id=\"e735d4d\" data-element_type=\"container\">\n\t\t\t\t<div class=\"elementor-element elementor-element-266ee35 elementor-widget elementor-widget-text-editor\" data-id=\"266ee35\" data-element_type=\"widget\" data-widget_type=\"text-editor.default\">\n\t\t\t\t<div class=\"elementor-widget-container\">\n\t\t\t<style>\/*! elementor - v3.21.0 - 26-05-2024 *\/\n.elementor-widget-text-editor.elementor-drop-cap-view-stacked .elementor-drop-cap{background-color:#69727d;color:#fff}.elementor-widget-text-editor.elementor-drop-cap-view-framed .elementor-drop-cap{color:#69727d;border:3px solid;background-color:transparent}.elementor-widget-text-editor:not(.elementor-drop-cap-view-default) .elementor-drop-cap{margin-top:8px}.elementor-widget-text-editor:not(.elementor-drop-cap-view-default) .elementor-drop-cap-letter{width:1em;height:1em}.elementor-widget-text-editor .elementor-drop-cap{float:left;text-align:center;line-height:1;font-size:50px}.elementor-widget-text-editor .elementor-drop-cap-letter{display:inline-block}<\/style>\t\t\t\t<div class=\"document-page\" data-page=\"3\" width=\"794\" height=\"1123\">\n<div class=\"pdf-page\" width=\"794\" height=\"1123\">\n<div class=\"text-wrapper user-select-text\" width=\"794\" height=\"1123\">\n<div data-canvas-width=\"34.592\">&nbsp;<\/div>\n<div><span style=\"color: var( --e-global-color-text ); font-family: var( --e-global-typography-text-font-family ), Sans-serif; font-size: 1rem; font-weight: var( --e-global-typography-text-font-weight ); text-align: var(--text-align);\">Administratorem Twoich danych osobowych jest: Acepto Sp.ZO.O W sprawie swoich danych osobowych mo\u017cesz<\/span><\/div>\n<div data-canvas-width=\"162.86208\">skontaktowa\u0107 si\u0119 z nami za&nbsp;<span style=\"color: var( --e-global-color-text ); font-family: var( --e-global-typography-text-font-family ), Sans-serif; font-weight: var( --e-global-typography-text-font-weight ); text-align: var(--text-align); font-size: 1rem;\">pomoc\u0105 adresu mailowego acepto@acepto.co&nbsp;<\/span><\/div>\n<div data-canvas-width=\"12.479999999999999\">2.<span style=\"color: var( --e-global-color-text ); font-family: var( --e-global-typography-text-font-family ), Sans-serif; font-weight: var( --e-global-typography-text-font-weight ); text-align: var(--text-align); font-size: 1rem;\">Zakres przetwarzanych&nbsp;<\/span><span style=\"color: var( --e-global-color-text ); font-family: var( --e-global-typography-text-font-family ), Sans-serif; font-weight: var( --e-global-typography-text-font-weight ); text-align: var(--text-align); font-size: 1rem;\">danych<\/span><\/div>\n<div data-canvas-width=\"297.7119999999999\"><span style=\"color: var( --e-global-color-text ); font-family: var( --e-global-typography-text-font-family ), Sans-serif; font-weight: var( --e-global-typography-text-font-weight ); text-align: var(--text-align); font-size: 1rem;\">\u201eAdministrator za po\u015brednictwem Serwisu oraz innych form komunikacji zbiera i przetwarza poni\u017cej<\/span><\/div>\n<div data-canvas-width=\"610.5414399999999\">wyszczeg\u00f3lnione dane osobowe U\u017cytkownik\u00f3w przekazywane podczas proces\u00f3w rejestracji w Serwisie:<\/div>\n<div data-canvas-width=\"28.924799999999998\">imi\u0119&nbsp;<span style=\"color: var( --e-global-color-text ); font-family: var( --e-global-typography-text-font-family ), Sans-serif; font-weight: var( --e-global-typography-text-font-weight ); text-align: var(--text-align); font-size: 1rem;\">i nazwisko&nbsp; ,<\/span><span style=\"color: var( --e-global-color-text ); font-family: var( --e-global-typography-text-font-family ), Sans-serif; font-weight: var( --e-global-typography-text-font-weight ); text-align: var(--text-align); font-size: 1rem;\">adres zamieszkania, adres e &#8211;<\/span><span style=\"color: var( --e-global-color-text ); font-family: var( --e-global-typography-text-font-family ), Sans-serif; font-weight: var( --e-global-typography-text-font-weight ); text-align: var(--text-align); font-size: 1rem;\">mail, numer telefonu<\/span><\/div>\n<div data-canvas-width=\"24.714879999999997\">itp.\u201d<\/div>\n<div data-canvas-width=\"12.479999999999999\">3.<span style=\"color: var( --e-global-color-text ); font-family: var( --e-global-typography-text-font-family ), Sans-serif; font-weight: var( --e-global-typography-text-font-weight ); text-align: var(--text-align); font-size: 1rem;\">Cel i czas przetwarzania danych<\/span><\/div>\n<div data-canvas-width=\"75.39200000000001\">osobowych<\/div>\n<div><span style=\"color: var( --e-global-color-text ); font-family: var( --e-global-typography-text-font-family ), Sans-serif; font-weight: var( --e-global-typography-text-font-weight ); text-align: var(--text-align); font-size: 1rem;\">Cel&nbsp;<\/span><\/div>\n<div data-canvas-width=\"629.7804799999999\">\u201ePrzetwarzanie Pa\u0144stwa danych osobowych pozwala nam na \u015bwiadczenie us\u0142ug m.in. utrzymanie Pa\u0144stwa<\/div>\n<div data-canvas-width=\"439.3920000000001\">konta, realizowania zam\u00f3wie\u0144, kontakt zwi\u0105zany z wykonaniem umowy, a<\/div>\n<div data-canvas-width=\"167.74911999999998\">tak\u017ce przesy\u0142anie informacji<\/div>\n<div data-canvas-width=\"143.56416\">marketingowych (w tym<\/div>\n<div data-canvas-width=\"82.97663999999999\">newslettera).\u201d<\/div>\n<div data-canvas-width=\"26.496\">Czas<span style=\"color: var( --e-global-color-text ); font-family: var( --e-global-typography-text-font-family ), Sans-serif; font-weight: var( --e-global-typography-text-font-weight ); text-align: var(--text-align); font-size: 1rem;\">:<\/span><\/div>\n<div><span style=\"color: var( --e-global-color-text ); font-family: var( --e-global-typography-text-font-family ), Sans-serif; font-weight: var( --e-global-typography-text-font-weight ); text-align: var(--text-align); font-size: 1rem;\">Dane osobowe b\u0119d\u0105 przechowywane przez okres trwania umowy oraz na czas zgodny<\/span><\/div>\n<div data-canvas-width=\"532.0691200000001\">z obowi\u0105zuj\u0105cymi przepisami z uwzgl\u0119dnieniem przedawnienia roszcze\u0144 oraz zobowi\u0105za\u0144<\/div>\n<div data-canvas-width=\"83.41824\">podatkowych.<\/div>\n<div data-canvas-width=\"633.5488000000001\">Dane osobowe na przetwarzanie, kt\u00f3rych wyrazili Pa\u0144stwo zgod\u0119 b\u0119d\u0105 przechowywane do czasu cofni\u0119cia<\/div>\n<div data-canvas-width=\"125.13471999999999\">przez Pa\u0144stwa zgody.<\/div>\n<div data-canvas-width=\"12.479999999999999\">4.<span style=\"color: var( --e-global-color-text ); font-family: var( --e-global-typography-text-font-family ), Sans-serif; font-weight: var( --e-global-typography-text-font-weight ); text-align: var(--text-align); font-size: 1rem;\">Informacja o prawie do przegl\u0105dania, poprawiania, kasowania danych osobowych (prawo do&nbsp;<\/span><span style=\"color: var( --e-global-color-text ); font-family: var( --e-global-typography-text-font-family ), Sans-serif; font-weight: var( --e-global-typography-text-font-weight ); text-align: var(--text-align); font-size: 1rem;\">bycia&nbsp;<\/span><span style=\"color: var( --e-global-color-text ); font-family: var( --e-global-typography-text-font-family ), Sans-serif; font-weight: var( --e-global-typography-text-font-weight ); text-align: var(--text-align); font-size: 1rem;\">zapomnianym).<\/span><\/div>\n<div data-canvas-width=\"608.6867200000002\">\u201eU\u017cytkownik w ka\u017cdej chwili ma prawo wgl\u0105du i zmiany swoich danych osobowych, a tak\u017ce \u017c\u0105dania od&nbsp;<span style=\"color: var( --e-global-color-text ); font-family: var( --e-global-typography-text-font-family ), Sans-serif; font-weight: var( --e-global-typography-text-font-weight ); text-align: var(--text-align); font-size: 1rem;\">Administratora niezw\u0142ocznego ich usuni\u0119cia (&nbsp;<\/span><span style=\"color: var( --e-global-color-text ); font-family: var( --e-global-typography-text-font-family ), Sans-serif; font-weight: var( --e-global-typography-text-font-weight ); text-align: var(--text-align); font-size: 1rem;\">prawo do zapomnienia\u201d).\u201d<\/span><\/div>\n<div data-canvas-width=\"12.479999999999999\">5.<span style=\"color: var( --e-global-color-text ); font-family: var( --e-global-typography-text-font-family ), Sans-serif; font-weight: var( --e-global-typography-text-font-weight ); text-align: var(--text-align); font-size: 1rem;\">Mo\u017cliwo\u015b\u0107 sk\u0142adania \u017c\u0105dania z zakresu<\/span><\/div>\n<div data-canvas-width=\"341.8399999999999\">informacji o danych lub ich przetwarzania w formie&nbsp;<span style=\"color: var( --e-global-color-text ); font-family: var( --e-global-typography-text-font-family ), Sans-serif; font-weight: var( --e-global-typography-text-font-weight ); text-align: var(--text-align); font-size: 1rem;\">elektronicznej.<\/span><\/div>\n<div data-canvas-width=\"13.07456\"><span style=\"color: var( --e-global-color-text ); font-family: var( --e-global-typography-text-font-family ), Sans-serif; font-weight: var( --e-global-typography-text-font-weight ); text-align: var(--text-align); font-size: 1rem;\">\u017b\u0105dania z zakresu przetwarzania danych osobowych<\/span><\/div>\n<div data-canvas-width=\"250.32831999999996\">mog\u0105 Pa\u0144stwo zg\u0142asza\u0107 mailowo na adres<\/div>\n<div data-canvas-width=\"133.45152000000002\">administratora danych&nbsp;<span style=\"color: var( --e-global-color-text ); font-family: var( --e-global-typography-text-font-family ), Sans-serif; font-weight: var( --e-global-typography-text-font-weight ); text-align: var(--text-align); font-size: 1rem;\">osobowych&nbsp; acepto@acepto.co<\/span><\/div>\n<div><span style=\"color: var( --e-global-color-text ); font-family: var( --e-global-typography-text-font-family ), Sans-serif; font-weight: var( --e-global-typography-text-font-weight ); text-align: var(--text-align); font-size: 1rem;\">6.<\/span><span style=\"color: var( --e-global-color-text ); font-family: var( --e-global-typography-text-font-family ), Sans-serif; font-weight: var( --e-global-typography-text-font-weight ); text-align: var(--text-align); font-size: 1rem;\">Informacja o prawie<\/span><\/div>\n<\/div>\n<\/div>\n<\/div>\n<div class=\"document-page\" data-page=\"4\" width=\"794\" height=\"1123\">\n<div class=\"pdf-page\" width=\"794\" height=\"1123\">\n<div class=\"text-wrapper user-select-text\" width=\"794\" height=\"1123\">\n<div data-canvas-width=\"339.85599999999977\">klienta do wniesienia skargi do organu nadzorczego<\/div>\n<div><span style=\"color: var( --e-global-color-text ); font-family: var( --e-global-typography-text-font-family ), Sans-serif; font-weight: var( --e-global-typography-text-font-weight ); text-align: var(--text-align); font-size: 1rem;\">Maj\u0105 Pa\u0144stwo prawo wniesienia skargi do organu nadzorczego zajmuj\u0105cego si\u0119 ochron\u0105 danych osobowych&nbsp;<\/span><span style=\"color: var( --e-global-color-text ); font-family: var( --e-global-typography-text-font-family ), Sans-serif; font-weight: var( --e-global-typography-text-font-weight ); text-align: var(--text-align); font-size: 1rem;\">kt\u00f3rym jest<\/span><\/div>\n<div data-canvas-width=\"266.43199999999996\">Prezes Urz\u0119du Ochrony Danych Osobowych<\/div>\n<\/div>\n<\/div>\n<\/div>\t\t\t\t\t\t<\/div>\n\t\t\t\t<\/div>\n\t\t\t\t<\/div>\n\t\t<div class=\"elementor-element elementor-element-a49d3f4 e-flex e-con-boxed e-con e-parent\" data-id=\"a49d3f4\" data-element_type=\"container\">\n\t\t\t\t\t<div class=\"e-con-inner\">\n\t\t\t\t<div class=\"elementor-element elementor-element-4f268a4 elementor-nav-menu__align-center elementor-nav-menu--dropdown-tablet elementor-nav-menu__text-align-aside elementor-nav-menu--toggle elementor-nav-menu--burger elementor-widget elementor-widget-nav-menu\" data-id=\"4f268a4\" data-element_type=\"widget\" data-settings=\"{&quot;layout&quot;:&quot;vertical&quot;,&quot;submenu_icon&quot;:{&quot;value&quot;:&quot;&lt;svg class=\\&quot;e-font-icon-svg e-fas-caret-down\\&quot; viewBox=\\&quot;0 0 320 512\\&quot; xmlns=\\&quot;http:\\\/\\\/www.w3.org\\\/2000\\\/svg\\&quot;&gt;&lt;path d=\\&quot;M31.3 192h257.3c17.8 0 26.7 21.5 14.1 34.1L174.1 354.8c-7.8 7.8-20.5 7.8-28.3 0L17.2 226.1C4.6 213.5 13.5 192 31.3 192z\\&quot;&gt;&lt;\\\/path&gt;&lt;\\\/svg&gt;&quot;,&quot;library&quot;:&quot;fa-solid&quot;},&quot;toggle&quot;:&quot;burger&quot;}\" data-widget_type=\"nav-menu.default\">\n\t\t\t\t<div class=\"elementor-widget-container\">\n\t\t\t<link rel=\"stylesheet\" href=\"https:\/\/acepto.co\/wp-content\/plugins\/elementor-pro\/assets\/css\/widget-nav-menu.min.css\">\t\t\t<nav class=\"elementor-nav-menu--main elementor-nav-menu__container elementor-nav-menu--layout-vertical e--pointer-underline e--animation-fade\">\n\t\t\t\t<ul id=\"menu-1-4f268a4\" class=\"elementor-nav-menu sm-vertical\"><li class=\"menu-item menu-item-type-post_type menu-item-object-page menu-item-privacy-policy menu-item-590\"><a rel=\"privacy-policy\" href=\"http:\/\/acepto.co\/?page_id=3\" class=\"elementor-item\">Polityka prywatno\u015bci<\/a><\/li>\n<li class=\"menu-item menu-item-type-post_type menu-item-object-page menu-item-591\"><a href=\"http:\/\/acepto.co\/?page_id=576\" class=\"elementor-item\">Rodo<\/a><\/li>\n<li class=\"menu-item menu-item-type-post_type menu-item-object-page menu-item-592\"><a href=\"http:\/\/acepto.co\/?page_id=552\" class=\"elementor-item\">Sobre nosotros<\/a><\/li>\n<li class=\"menu-item menu-item-type-post_type menu-item-object-page menu-item-593\"><a href=\"http:\/\/acepto.co\/?page_id=71\" class=\"elementor-item\">Contact<\/a><\/li>\n<\/ul>\t\t\t<\/nav>\n\t\t\t\t\t<div class=\"elementor-menu-toggle\" role=\"button\" tabindex=\"0\" aria-label=\"Menu Toggle\" aria-expanded=\"false\">\n\t\t\t<svg aria-hidden=\"true\" role=\"presentation\" class=\"elementor-menu-toggle__icon--open e-font-icon-svg e-eicon-menu-bar\" viewBox=\"0 0 1000 1000\" xmlns=\"http:\/\/www.w3.org\/2000\/svg\"><path d=\"M104 333H896C929 333 958 304 958 271S929 208 896 208H104C71 208 42 237 42 271S71 333 104 333ZM104 583H896C929 583 958 554 958 521S929 458 896 458H104C71 458 42 487 42 521S71 583 104 583ZM104 833H896C929 833 958 804 958 771S929 708 896 708H104C71 708 42 737 42 771S71 833 104 833Z\"><\/path><\/svg><svg aria-hidden=\"true\" role=\"presentation\" class=\"elementor-menu-toggle__icon--close e-font-icon-svg e-eicon-close\" viewBox=\"0 0 1000 1000\" xmlns=\"http:\/\/www.w3.org\/2000\/svg\"><path d=\"M742 167L500 408 258 167C246 154 233 150 217 150 196 150 179 158 167 167 154 179 150 196 150 212 150 229 154 242 171 254L408 500 167 742C138 771 138 800 167 829 196 858 225 858 254 829L496 587 738 829C750 842 767 846 783 846 800 846 817 842 829 829 842 817 846 804 846 783 846 767 842 750 829 737L588 500 833 258C863 229 863 200 833 171 804 137 775 137 742 167Z\"><\/path><\/svg>\t\t\t<span class=\"elementor-screen-only\">Menu<\/span>\n\t\t<\/div>\n\t\t\t\t\t<nav class=\"elementor-nav-menu--dropdown elementor-nav-menu__container\" aria-hidden=\"true\">\n\t\t\t\t<ul id=\"menu-2-4f268a4\" class=\"elementor-nav-menu sm-vertical\"><li class=\"menu-item menu-item-type-post_type menu-item-object-page menu-item-privacy-policy menu-item-590\"><a rel=\"privacy-policy\" href=\"http:\/\/acepto.co\/?page_id=3\" class=\"elementor-item\" tabindex=\"-1\">Polityka prywatno\u015bci<\/a><\/li>\n<li class=\"menu-item menu-item-type-post_type menu-item-object-page menu-item-591\"><a href=\"http:\/\/acepto.co\/?page_id=576\" class=\"elementor-item\" tabindex=\"-1\">Rodo<\/a><\/li>\n<li class=\"menu-item menu-item-type-post_type menu-item-object-page menu-item-592\"><a href=\"http:\/\/acepto.co\/?page_id=552\" class=\"elementor-item\" tabindex=\"-1\">Sobre nosotros<\/a><\/li>\n<li class=\"menu-item menu-item-type-post_type menu-item-object-page menu-item-593\"><a href=\"http:\/\/acepto.co\/?page_id=71\" class=\"elementor-item\" tabindex=\"-1\">Contact<\/a><\/li>\n<\/ul>\t\t\t<\/nav>\n\t\t\t\t<\/div>\n\t\t\t\t<\/div>\n\t\t\t\t\t<\/div>\n\t\t\t\t<\/div>\n\t\t\t\t<\/div>\n\t\t","protected":false},"excerpt":{"rendered":"<p>&nbsp; Administratorem Twoich danych osobowych jest: Acepto Sp.ZO.O W sprawie swoich danych osobowych mo\u017cesz skontaktowa\u0107 si\u0119 z nami za&nbsp;pomoc\u0105 adresu mailowego acepto@acepto.co&nbsp; 2.Zakres przetwarzanych&nbsp;danych \u201eAdministrator za po\u015brednictwem Serwisu oraz innych form komunikacji zbiera i przetwarza poni\u017cej wyszczeg\u00f3lnione dane osobowe U\u017cytkownik\u00f3w przekazywane podczas proces\u00f3w rejestracji w Serwisie: imi\u0119&nbsp;i nazwisko&nbsp; ,adres zamieszkania, adres e -mail, numer telefonu [&hellip;]<\/p>\n","protected":false},"author":1,"featured_media":0,"parent":0,"menu_order":0,"comment_status":"closed","ping_status":"closed","template":"","meta":{"_eb_attr":"","footnotes":""},"_links":{"self":[{"href":"http:\/\/acepto.co\/index.php?rest_route=\/wp\/v2\/pages\/576"}],"collection":[{"href":"http:\/\/acepto.co\/index.php?rest_route=\/wp\/v2\/pages"}],"about":[{"href":"http:\/\/acepto.co\/index.php?rest_route=\/wp\/v2\/types\/page"}],"author":[{"embeddable":true,"href":"http:\/\/acepto.co\/index.php?rest_route=\/wp\/v2\/users\/1"}],"replies":[{"embeddable":true,"href":"http:\/\/acepto.co\/index.php?rest_route=%2Fwp%2Fv2%2Fcomments&post=576"}],"version-history":[{"count":10,"href":"http:\/\/acepto.co\/index.php?rest_route=\/wp\/v2\/pages\/576\/revisions"}],"predecessor-version":[{"id":589,"href":"http:\/\/acepto.co\/index.php?rest_route=\/wp\/v2\/pages\/576\/revisions\/589"}],"wp:attachment":[{"href":"http:\/\/acepto.co\/index.php?rest_route=%2Fwp%2Fv2%2Fmedia&parent=576"}],"curies":[{"name":"wp","href":"https:\/\/api.w.org\/{rel}","templated":true}]}}